{"id":28,"date":"2018-10-14T20:30:59","date_gmt":"2018-10-14T18:30:59","guid":{"rendered":"http:\/\/terredesicile.be\/wp\/?page_id=28"},"modified":"2026-03-22T18:11:07","modified_gmt":"2026-03-22T17:11:07","slug":"nos-huiles-dolive","status":"publish","type":"page","link":"https:\/\/terredesicile.be\/index.php\/nos-huiles-dolive\/","title":{"rendered":"Nos huiles d\u2019olive"},"content":{"rendered":"<h1 style=\"text-align: center;\"><strong><span style=\"color: #ff0000;\">A LA D\u00c9COUVERTE DE NOTRE PRODUCTEUR D&rsquo;HUILE D&rsquo;OLIVE BIO<\/span><\/strong><\/h1>\n<p style=\"text-align: left;\"><strong>L\u2019entreprise familiale a \u00e9t\u00e9 fond\u00e9e en 1980 au c\u0153ur de la Sicile \u00e0 Naro (Agrigente) et tire son nom de la splendide contrada \u00ab Paradise Valley \u00bb o\u00f9, entre oliviers et amandiers se trouvent\u00a0 les terres fertiles de la famille. Ils cultivent plus de 100 hectares d\u2019oliviers sur les terres de Naro, Favara et Licata, conform\u00e9ment aux sp\u00e9cifications de l\u2019agriculture biologique dans le respect absolu de l\u2019environnement et de la nature; dans le domaine aucun produits chimiques, herbicides ou insecticides. Ils utilisent exclusivement des produits naturels et des substances organiques.<\/strong><\/p>\n<div class=\"text_exposed_show\">\n<div style=\"width: 584px;\" class=\"wp-video\"><!--[if lt IE 9]><script>document.createElement('video');<\/script><![endif]-->\n<video class=\"wp-video-shortcode\" id=\"video-28-1\" width=\"584\" height=\"328\" preload=\"metadata\" controls=\"controls\"><source type=\"video\/mp4\" src=\"http:\/\/terredesicile.be\/wp-content\/uploads\/2019\/05\/VAL-PARADISO-Olio-extra-vergine-di-oliva-Presentazione-aziendale-1.mp4?_=1\" \/><a href=\"http:\/\/terredesicile.be\/wp-content\/uploads\/2019\/05\/VAL-PARADISO-Olio-extra-vergine-di-oliva-Presentazione-aziendale-1.mp4\">http:\/\/terredesicile.be\/wp-content\/uploads\/2019\/05\/VAL-PARADISO-Olio-extra-vergine-di-oliva-Presentazione-aziendale-1.mp4<\/a><\/video><\/div>\n<p style=\"text-align: left;\"><em><span style=\"color: #0000ff;\">L&rsquo;azienda nasce nel 1980 nel cuore della Sicilia a Naro (Agrigento), e prende il nome dalla splendida contrada \u00ab\u00a0Val Paradiso\u00a0\u00bb dove, tra mandorli di bianco fioriti ed ulivi saraceni, ricadono i fertili terreni di famiglia.<\/span><\/em><br \/>\n<em><span style=\"color: #0000ff;\">Coltiviamo oltre 100 ettari di ulivi nelle terre di Naro, Favara e Licata, secondo i disciplinari di Agricoltura Biologica in assoluto rispetto dell&rsquo;ambiente e della natura; in campo nessuna sostanza chimica, diserbanti o insetticidi, ma esclusivo uso di prodotti naturali e sostanze organiche.<\/span><\/em><\/p>\n<p style=\"text-align: left;\"><a href=\"http:\/\/terredesicile.be\/wp-content\/uploads\/2026\/03\/huile-dolive-2026.pdf\"><img decoding=\"async\" loading=\"lazy\" class=\"aligncenter wp-image-81\" src=\"http:\/\/terredesicile.be\/wp-content\/uploads\/2018\/12\/Val-Paradiso-Logo2-3.jpg\" alt=\" Catalogue\" width=\"166\" height=\"113\" \/><\/a><strong style=\"color: #054f29;\">\u00a0 \u00a0<\/strong>\u00a0<strong style=\"color: #054f29;\">\u00a0 Catalogue<\/strong><\/p>\n<\/div>\n","protected":false},"excerpt":{"rendered":"<p>A LA D\u00c9COUVERTE DE NOTRE PRODUCTEUR D&rsquo;HUILE D&rsquo;OLIVE BIO L\u2019entreprise familiale a \u00e9t\u00e9 fond\u00e9e en 1980 au c\u0153ur de la Sicile \u00e0 Naro (Agrigente) et tire son nom de la splendide contrada \u00ab Paradise Valley \u00bb o\u00f9, entre oliviers et &hellip; <a href=\"https:\/\/terredesicile.be\/index.php\/nos-huiles-dolive\/\">Continuer la lecture <span class=\"meta-nav\">&rarr;<\/span><\/a><\/p>\n","protected":false},"author":1,"featured_media":0,"parent":0,"menu_order":0,"comment_status":"closed","ping_status":"closed","template":"sidebar-page.php","meta":{"footnotes":""},"_links":{"self":[{"href":"https:\/\/terredesicile.be\/index.php\/wp-json\/wp\/v2\/pages\/28"}],"collection":[{"href":"https:\/\/terredesicile.be\/index.php\/wp-json\/wp\/v2\/pages"}],"about":[{"href":"https:\/\/terredesicile.be\/index.php\/wp-json\/wp\/v2\/types\/page"}],"author":[{"embeddable":true,"href":"https:\/\/terredesicile.be\/index.php\/wp-json\/wp\/v2\/users\/1"}],"replies":[{"embeddable":true,"href":"https:\/\/terredesicile.be\/index.php\/wp-json\/wp\/v2\/comments?post=28"}],"version-history":[{"count":16,"href":"https:\/\/terredesicile.be\/index.php\/wp-json\/wp\/v2\/pages\/28\/revisions"}],"predecessor-version":[{"id":256,"href":"https:\/\/terredesicile.be\/index.php\/wp-json\/wp\/v2\/pages\/28\/revisions\/256"}],"wp:attachment":[{"href":"https:\/\/terredesicile.be\/index.php\/wp-json\/wp\/v2\/media?parent=28"}],"curies":[{"name":"wp","href":"https:\/\/api.w.org\/{rel}","templated":true}]}}