{"id":24,"date":"2018-10-14T20:27:25","date_gmt":"2018-10-14T18:27:25","guid":{"rendered":"http:\/\/terredesicile.be\/wp\/?page_id=24"},"modified":"2026-03-22T18:13:55","modified_gmt":"2026-03-22T17:13:55","slug":"nos-vins","status":"publish","type":"page","link":"https:\/\/terredesicile.be\/index.php\/nos-vins\/","title":{"rendered":"Nos vins"},"content":{"rendered":"<p><img decoding=\"async\" loading=\"lazy\" class=\"wp-image-154 alignleft\" src=\"http:\/\/terredesicile.be\/wp-content\/uploads\/2019\/05\/verre-vin-800x474-300x178.jpg\" alt=\"\" width=\"267\" height=\"162\" \/>Au c\u0153ur de la province d\u2019Agrigento et sur les pentes de l&rsquo;Etna , il y a un territoire sublime, o\u00f9 la culture de la vigne a des origines lointaines. Cette vocation se distingue fortement dans le paysage, o\u00f9 la culture de la vigne donne vie \u00e0 une surprenante g\u00e9om\u00e9trie viticole, dessinant un sc\u00e9nario embl\u00e9matique de la Sicile, terre \u00e2pre et g\u00e9n\u00e9reuse o\u00f9 la tradition de la vigne a laiss\u00e9 son empreinte.<\/p>\n<p>C\u2019est sur la terre magique du Nero d\u2019Avola, que la coop\u00e9rative viticole <strong>CVA Canicatti <\/strong>qui depuis 1969 unit 480 vignerons pour faire revivre dans sa production la tradition du terroir en exprimant au mieux la potentialit\u00e9 du Nero d\u2019Avola, prince des vignes autochtones.<\/p>\n<p>Dans cette r\u00e9gion pr\u00e8s de la ville de Favara, lieu de naissance en 1874 du c\u00e9page Grillo cr\u00e9e par \u00a0\u00bb il Barone Antonio Mendola Di Favara \u00ab\u00a0, vous trouverez une maison familiale (p\u00e8re et fils) la<strong>\u00a0Casa Vinicola Morreale<\/strong> qui sublime merveilleusement ce c\u00e9page.<\/p>\n<p>Sur les pentes de l&rsquo;Etna \u00e0 700 m d&rsquo;altitude nous avons d\u00e9couvert la plus ancienne maison viticole de la r\u00e9gion cr\u00e9e en 1727, la maison <strong>Barone di Villagrande<\/strong> , la m\u00eame famille est au commande depuis 10 g\u00e9n\u00e9rations. Elle est dirig\u00e9e \u00e0 pr\u00e9sent par une jeune et dynamique \u00e9quipe ce qui donne un vin qui allie la tradition aux saveurs actuelles.<\/p>\n<p>&nbsp;<\/p>\n<p><span style=\"color: #ffffff;\">dddd<span style=\"color: #3366ff;\"><strong>CVA Canicatti<\/strong><\/span><\/span><span style=\"color: #3366ff;\"><strong> \u00a0 \u00a0 \u00a0 \u00a0 \u00a0 \u00a0 \u00a0Casa Vinicola Morreale\u00a0 \u00a0 \u00a0 \u00a0Barone di Villagrande<\/strong><\/span><\/p>\n<p><a href=\"http:\/\/terredesicile.be\/wp-content\/uploads\/2026\/03\/CVA-2023-tvac_compressed.pdf\"><img decoding=\"async\" loading=\"lazy\" class=\"alignleft wp-image-94\" src=\"http:\/\/terredesicile.be\/wp-content\/uploads\/2018\/12\/Sans-titre-3-compre-300x212.jpg\" alt=\" Catalogue CVA Canicatti\" width=\"150\" height=\"109\" \/><\/a><\/p>\n<p><a href=\"http:\/\/terredesicile.be\/wp-content\/uploads\/2022\/05\/Morreale-tvac-1.pdf\"><img decoding=\"async\" loading=\"lazy\" class=\"alignleft wp-image-191\" src=\"http:\/\/terredesicile.be\/wp-content\/uploads\/2020\/09\/Morreal-tvac-pdf-300x212.jpg\" alt=\"\" width=\"148\" height=\"108\" \/><\/a><a href=\"http:\/\/terredesicile.be\/wp-content\/uploads\/2022\/05\/Barone-Villa-Grande-Etna-TVAC-2022.pdf\"><img decoding=\"async\" loading=\"lazy\" class=\"alignleft wp-image-149\" src=\"http:\/\/terredesicile.be\/wp-content\/uploads\/2019\/05\/couverture-barone-300x212.jpg\" alt=\"\" width=\"150\" height=\"106\" srcset=\"https:\/\/terredesicile.be\/wp-content\/uploads\/2019\/05\/couverture-barone-300x212.jpg 300w, https:\/\/terredesicile.be\/wp-content\/uploads\/2019\/05\/couverture-barone-768x543.jpg 768w, https:\/\/terredesicile.be\/wp-content\/uploads\/2019\/05\/couverture-barone-1024x724.jpg 1024w, https:\/\/terredesicile.be\/wp-content\/uploads\/2019\/05\/couverture-barone-424x300.jpg 424w, https:\/\/terredesicile.be\/wp-content\/uploads\/2019\/05\/couverture-barone.jpg 1754w\" sizes=\"(max-width: 150px) 100vw, 150px\" \/><\/a><\/p>\n<p>&nbsp;<\/p>\n<p>&nbsp;<\/p>\n<p>&nbsp;<\/p>\n<p><a href=\"http:\/\/terredesicile.be\/wp-content\/uploads\/2019\/11\/catalogue-Bagliesi-bio-sans-prix.pdf\"><img decoding=\"async\" loading=\"lazy\" class=\"alignleft wp-image-168\" src=\"http:\/\/terredesicile.be\/wp-content\/uploads\/2019\/11\/couv-bagliesi-300x212.jpg\" alt=\"\" width=\"150\" height=\"106\" srcset=\"https:\/\/terredesicile.be\/wp-content\/uploads\/2019\/11\/couv-bagliesi-300x212.jpg 300w, https:\/\/terredesicile.be\/wp-content\/uploads\/2019\/11\/couv-bagliesi-768x543.jpg 768w, https:\/\/terredesicile.be\/wp-content\/uploads\/2019\/11\/couv-bagliesi-425x300.jpg 425w, https:\/\/terredesicile.be\/wp-content\/uploads\/2019\/11\/couv-bagliesi.jpg 842w\" sizes=\"(max-width: 150px) 100vw, 150px\" \/><\/a> <a href=\"http:\/\/terredesicile.be\/wp-content\/uploads\/2019\/11\/arini-sans-prix.pdf\"><img decoding=\"async\" loading=\"lazy\" class=\"alignleft wp-image-178\" src=\"http:\/\/terredesicile.be\/wp-content\/uploads\/2019\/11\/arini-couv-300x212.jpg\" alt=\"\" width=\"150\" height=\"106\" srcset=\"https:\/\/terredesicile.be\/wp-content\/uploads\/2019\/11\/arini-couv-300x212.jpg 300w, https:\/\/terredesicile.be\/wp-content\/uploads\/2019\/11\/arini-couv-1024x724.jpg 1024w, https:\/\/terredesicile.be\/wp-content\/uploads\/2019\/11\/arini-couv-768x543.jpg 768w, https:\/\/terredesicile.be\/wp-content\/uploads\/2019\/11\/arini-couv-1536x1086.jpg 1536w, https:\/\/terredesicile.be\/wp-content\/uploads\/2019\/11\/arini-couv-2048x1448.jpg 2048w, https:\/\/terredesicile.be\/wp-content\/uploads\/2019\/11\/arini-couv-424x300.jpg 424w\" sizes=\"(max-width: 150px) 100vw, 150px\" \/><\/a><\/p>\n<p><a href=\"http:\/\/terredesicile.be\/wp-content\/uploads\/2019\/11\/Frazitta-sans-prix.pdf\"><img decoding=\"async\" loading=\"lazy\" class=\"alignleft wp-image-177\" src=\"http:\/\/terredesicile.be\/wp-content\/uploads\/2019\/11\/fra-couv-300x212.jpg\" alt=\"\" width=\"150\" height=\"106\" srcset=\"https:\/\/terredesicile.be\/wp-content\/uploads\/2019\/11\/fra-couv-300x212.jpg 300w, https:\/\/terredesicile.be\/wp-content\/uploads\/2019\/11\/fra-couv-768x543.jpg 768w, https:\/\/terredesicile.be\/wp-content\/uploads\/2019\/11\/fra-couv-425x300.jpg 425w, https:\/\/terredesicile.be\/wp-content\/uploads\/2019\/11\/fra-couv.jpg 842w\" sizes=\"(max-width: 150px) 100vw, 150px\" \/><\/a><\/p>\n<p>&nbsp;<\/p>\n<p>&nbsp;<\/p>\n<p>&nbsp;<\/p>\n<p><strong style=\"color: #3366ff;\"><span style=\"color: #ffffff;\">\u00a0C<\/span>Casa vinicola Bagliesi\u00a0 \u00a0 \u00a0 \u00a0 \u00a0Casa vinicola Arini\u00a0 \u00a0 \u00a0 \u00a0 \u00a0 \u00a0 \u00a0 \u00a0 \u00a0 Frazzitta vini<\/strong><\/p>\n","protected":false},"excerpt":{"rendered":"<p>Au c\u0153ur de la province d\u2019Agrigento et sur les pentes de l&rsquo;Etna , il y a un territoire sublime, o\u00f9 la culture de la vigne a des origines lointaines. Cette vocation se distingue fortement dans le paysage, o\u00f9 la culture &hellip; <a href=\"https:\/\/terredesicile.be\/index.php\/nos-vins\/\">Continuer la lecture <span class=\"meta-nav\">&rarr;<\/span><\/a><\/p>\n","protected":false},"author":1,"featured_media":168,"parent":0,"menu_order":0,"comment_status":"closed","ping_status":"closed","template":"sidebar-page.php","meta":{"footnotes":""},"_links":{"self":[{"href":"https:\/\/terredesicile.be\/index.php\/wp-json\/wp\/v2\/pages\/24"}],"collection":[{"href":"https:\/\/terredesicile.be\/index.php\/wp-json\/wp\/v2\/pages"}],"about":[{"href":"https:\/\/terredesicile.be\/index.php\/wp-json\/wp\/v2\/types\/page"}],"author":[{"embeddable":true,"href":"https:\/\/terredesicile.be\/index.php\/wp-json\/wp\/v2\/users\/1"}],"replies":[{"embeddable":true,"href":"https:\/\/terredesicile.be\/index.php\/wp-json\/wp\/v2\/comments?post=24"}],"version-history":[{"count":43,"href":"https:\/\/terredesicile.be\/index.php\/wp-json\/wp\/v2\/pages\/24\/revisions"}],"predecessor-version":[{"id":224,"href":"https:\/\/terredesicile.be\/index.php\/wp-json\/wp\/v2\/pages\/24\/revisions\/224"}],"wp:featuredmedia":[{"embeddable":true,"href":"https:\/\/terredesicile.be\/index.php\/wp-json\/wp\/v2\/media\/168"}],"wp:attachment":[{"href":"https:\/\/terredesicile.be\/index.php\/wp-json\/wp\/v2\/media?parent=24"}],"curies":[{"name":"wp","href":"https:\/\/api.w.org\/{rel}","templated":true}]}}